{"id":3899,"date":"2022-05-16T03:52:25","date_gmt":"2022-05-16T03:52:25","guid":{"rendered":"https:\/\/olga.loveandbrands.dev\/?page_id=3899"},"modified":"2024-08-15T13:42:54","modified_gmt":"2024-08-15T13:42:54","slug":"kontakt","status":"publish","type":"page","link":"https:\/\/olga.loveandbrands.dev\/en\/kontakt\/","title":{"rendered":"Contact"},"content":{"rendered":"<div data-elementor-type=\"wp-page\" data-elementor-id=\"3899\" class=\"elementor elementor-3899\" data-elementor-post-type=\"page\">\n\t\t\t\t\t\t<section class=\"elementor-section elementor-top-section elementor-element elementor-element-7121b4e elementor-section-height-min-height elementor-section-boxed elementor-section-height-default elementor-section-items-middle\" data-id=\"7121b4e\" data-element_type=\"section\" data-settings=\"{&quot;background_background&quot;:&quot;classic&quot;,&quot;background_motion_fx_motion_fx_scrolling&quot;:&quot;yes&quot;,&quot;background_motion_fx_translateY_effect&quot;:&quot;yes&quot;,&quot;background_motion_fx_translateY_direction&quot;:&quot;negative&quot;,&quot;background_motion_fx_translateY_speed&quot;:{&quot;unit&quot;:&quot;px&quot;,&quot;size&quot;:2,&quot;sizes&quot;:[]},&quot;background_motion_fx_translateY_affectedRange&quot;:{&quot;unit&quot;:&quot;%&quot;,&quot;size&quot;:&quot;&quot;,&quot;sizes&quot;:{&quot;start&quot;:0,&quot;end&quot;:100}},&quot;background_motion_fx_devices&quot;:[&quot;desktop&quot;,&quot;laptop&quot;,&quot;tablet&quot;,&quot;mobile&quot;]}\">\n\t\t\t\t\t\t\t<div class=\"elementor-background-overlay\"><\/div>\n\t\t\t\t\t\t<div class=\"elementor-container elementor-column-gap-default jws_section_\" >\n\t\t\t\t<div class=\"elementor-column elementor-col-100 elementor-top-column elementor-element elementor-element-f70d317\" data-id=\"f70d317\" data-element_type=\"column\" data-settings=\"{&quot;motion_fx_motion_fx_scrolling&quot;:&quot;yes&quot;,&quot;motion_fx_translateY_effect&quot;:&quot;yes&quot;,&quot;motion_fx_translateY_speed&quot;:{&quot;unit&quot;:&quot;px&quot;,&quot;size&quot;:4,&quot;sizes&quot;:[]},&quot;motion_fx_translateY_affectedRange&quot;:{&quot;unit&quot;:&quot;%&quot;,&quot;size&quot;:&quot;&quot;,&quot;sizes&quot;:{&quot;start&quot;:0,&quot;end&quot;:100}},&quot;motion_fx_devices&quot;:[&quot;desktop&quot;,&quot;laptop&quot;,&quot;tablet&quot;,&quot;mobile&quot;]}\">\n\t\t\t<div class=\"elementor-widget-wrap elementor-element-populated\">\n\t\t\t\t\t\t<div class=\"elementor-element elementor-element-ad4b365 elementor-widget elementor-widget-spacer\" data-id=\"ad4b365\" data-element_type=\"widget\" data-widget_type=\"spacer.default\">\n\t\t\t\t<div class=\"elementor-widget-container\">\n\t\t\t\t\t\t\t<div class=\"elementor-spacer\">\n\t\t\t<div class=\"elementor-spacer-inner\"><\/div>\n\t\t<\/div>\n\t\t\t\t\t\t<\/div>\n\t\t\t\t<\/div>\n\t\t\t\t<div class=\"elementor-element elementor-element-747a005 elementor-widget__width-initial elementor-position-top elementor-view-default elementor-vertical-align-top elementor-invisible elementor-widget elementor-widget-jws_info_box\" data-id=\"747a005\" data-element_type=\"widget\" data-settings=\"{&quot;_animation&quot;:&quot;fadeInUp&quot;,&quot;align&quot;:&quot;center&quot;,&quot;position&quot;:&quot;top&quot;}\" data-widget_type=\"jws_info_box.default\">\n\t\t\t\t<div class=\"elementor-widget-container\">\n\t\t\t\t\t            <div class=\"jws-info-box layout1\">\n                <div class=\"jws-info-box-inner\">\n                    \r\n    <div class=\"box-icon\">\r\n          \r\n    <\/div>\r\n    <div class=\"jws-box-content\">\r\n        <div class=\"box-sub\">\r\n            <\/div>\r\n    <h1 class=\"box-title\">\r\n        Contact    <\/h1>\r\n    <div class=\"box-content\">\r\n        <p>You can contact us by e-mail at office@olga.loveandbrands.dev, or feel free to fill out the form below. We do our best to respond within 24 business hours.<\/p>    <\/div>\r\n        <\/div>\r\n                <\/div>\n            <\/div>\n        \t\t\t\t<\/div>\n\t\t\t\t<\/div>\n\t\t\t\t\t<\/div>\n\t\t<\/div>\n\t\t\t\t      \n            \n              \n            \n            \t\n\t\t\t<\/div>\n\t\t<\/section>\n\t\t\t\t<section class=\"elementor-section elementor-top-section elementor-element elementor-element-b27eabe elementor-section-boxed elementor-section-height-default elementor-section-height-default\" data-id=\"b27eabe\" data-element_type=\"section\">\n\t\t\t\t\t\t<div class=\"elementor-container elementor-column-gap-default jws_section_\" >\n\t\t\t\t<div class=\"elementor-column elementor-col-100 elementor-top-column elementor-element elementor-element-e74766c\" data-id=\"e74766c\" data-element_type=\"column\">\n\t\t\t<div class=\"elementor-widget-wrap elementor-element-populated\">\n\t\t\t\t\t\t<section class=\"elementor-section elementor-inner-section elementor-element elementor-element-4a5f6e3 elementor-section-boxed elementor-section-height-default elementor-section-height-default\" data-id=\"4a5f6e3\" data-element_type=\"section\" data-settings=\"{&quot;background_background&quot;:&quot;classic&quot;}\">\n\t\t\t\t\t\t<div class=\"elementor-container elementor-column-gap-no jws_section_\" >\n\t\t\t\t<div class=\"elementor-column elementor-col-50 elementor-inner-column elementor-element elementor-element-16188f7\" data-id=\"16188f7\" data-element_type=\"column\">\n\t\t\t<div class=\"elementor-widget-wrap elementor-element-populated\">\n\t\t\t\t\t\t<div class=\"elementor-element elementor-element-9a0b5d8 elementor-position-top elementor-view-default elementor-vertical-align-top elementor-invisible elementor-widget elementor-widget-jws_info_box\" data-id=\"9a0b5d8\" data-element_type=\"widget\" data-settings=\"{&quot;_animation&quot;:&quot;fadeInLeft&quot;,&quot;align&quot;:&quot;left&quot;,&quot;position&quot;:&quot;top&quot;}\" data-widget_type=\"jws_info_box.default\">\n\t\t\t\t<div class=\"elementor-widget-container\">\n\t\t\t\t\t            <div class=\"jws-info-box layout1\">\n                <div class=\"jws-info-box-inner\">\n                    \r\n    <div class=\"box-icon\">\r\n          \r\n    <\/div>\r\n    <div class=\"jws-box-content\">\r\n        <div class=\"box-sub\">\r\n        CONTACT    <\/div>\r\n    <h2 class=\"box-title\">\r\n        Get in touch    <\/h2>\r\n    <div class=\"box-content\">\r\n            <\/div>\r\n        <\/div>\r\n                <\/div>\n            <\/div>\n        \t\t\t\t<\/div>\n\t\t\t\t<\/div>\n\t\t\t\t<div class=\"elementor-element elementor-element-783b49e elementor-widget__width-initial elementor-icon-list--layout-traditional elementor-widget elementor-widget-menu_list\" data-id=\"783b49e\" data-element_type=\"widget\" data-widget_type=\"menu_list.default\">\n\t\t\t\t<div class=\"elementor-widget-container\">\n\t\t\t\t\t        <div class=\"jws-menu-list\">\r\n                            <h3>LOCATION<\/h3>\r\n                \t\t<ul class=\"elementor-icon-list-items  line_sm\">\r\n    \t\t\t    \t\t\t\t<li class=\"elementor-icon-list-item\">\r\n    \t\t\t\t\t<a href=\"https:\/\/maps.app.goo.gl\/5b89zpjRgJQNu9k38\">                             \t\t\t\t\t\t\r\n    \t\t\t\t\t<span class=\"elementor-icon-list-text\">\r\n                        Ju\u017ena industrijska zona 14, 23273 Novo Milo\u0161evo, Srbija                        <\/span>\r\n    \t\t\t\t\t    \t\t\t\t\t\t<\/a>\r\n    \t\t\t\t\t    \t\t\t\t<\/li>\r\n    \t\t\t\t    \t\t<\/ul>\r\n        <\/div>\r\n\t\t\t\t\t\t<\/div>\n\t\t\t\t<\/div>\n\t\t\t\t<div class=\"elementor-element elementor-element-7c8a5b3 elementor-widget__width-initial elementor-icon-list--layout-traditional elementor-widget elementor-widget-menu_list\" data-id=\"7c8a5b3\" data-element_type=\"widget\" data-widget_type=\"menu_list.default\">\n\t\t\t\t<div class=\"elementor-widget-container\">\n\t\t\t\t\t        <div class=\"jws-menu-list\">\r\n                            <h3>CALL US<\/h3>\r\n                \t\t<ul class=\"elementor-icon-list-items  line_sm\">\r\n    \t\t\t    \t\t\t\t<li class=\"elementor-icon-list-item\">\r\n    \t\t\t\t\t<a href=\"tel:+381646491881\">                             \t\t\t\t\t\t\r\n    \t\t\t\t\t<span class=\"elementor-icon-list-text\">\r\n                        +381 64 6491 881                        <\/span>\r\n    \t\t\t\t\t    \t\t\t\t\t\t<\/a>\r\n    \t\t\t\t\t    \t\t\t\t<\/li>\r\n    \t\t\t\t    \t\t<\/ul>\r\n        <\/div>\r\n\t\t\t\t\t\t<\/div>\n\t\t\t\t<\/div>\n\t\t\t\t<div class=\"elementor-element elementor-element-1ec25c3 elementor-widget__width-initial elementor-icon-list--layout-traditional elementor-widget elementor-widget-menu_list\" data-id=\"1ec25c3\" data-element_type=\"widget\" data-widget_type=\"menu_list.default\">\n\t\t\t\t<div class=\"elementor-widget-container\">\n\t\t\t\t\t        <div class=\"jws-menu-list\">\r\n                            <h3>LOCATION<\/h3>\r\n                \t\t<ul class=\"elementor-icon-list-items  line_sm\">\r\n    \t\t\t    \t\t\t\t<li class=\"elementor-icon-list-item\">\r\n    \t\t\t\t\t<a href=\"https:\/\/maps.app.goo.gl\/5b89zpjRgJQNu9k38\">                             \t\t\t\t\t\t\r\n    \t\t\t\t\t<span class=\"elementor-icon-list-text\">\r\n                        Serdar Jola 18, 11000 Beograd , Srbija                        <\/span>\r\n    \t\t\t\t\t    \t\t\t\t\t\t<\/a>\r\n    \t\t\t\t\t    \t\t\t\t<\/li>\r\n    \t\t\t\t    \t\t<\/ul>\r\n        <\/div>\r\n\t\t\t\t\t\t<\/div>\n\t\t\t\t<\/div>\n\t\t\t\t<div class=\"elementor-element elementor-element-8fc285d elementor-widget__width-initial elementor-icon-list--layout-traditional elementor-widget elementor-widget-menu_list\" data-id=\"8fc285d\" data-element_type=\"widget\" data-widget_type=\"menu_list.default\">\n\t\t\t\t<div class=\"elementor-widget-container\">\n\t\t\t\t\t        <div class=\"jws-menu-list\">\r\n                            <h3>For International calls<\/h3>\r\n                \t\t<ul class=\"elementor-icon-list-items  line_sm\">\r\n    \t\t\t    \t\t\t\t<li class=\"elementor-icon-list-item\">\r\n    \t\t\t\t\t<a href=\"tel:+381646471307\">                             \t\t\t\t\t\t\r\n    \t\t\t\t\t<span class=\"elementor-icon-list-text\">\r\n                        +381 64 6471 307                        <\/span>\r\n    \t\t\t\t\t    \t\t\t\t\t\t<\/a>\r\n    \t\t\t\t\t    \t\t\t\t<\/li>\r\n    \t\t\t\t    \t\t<\/ul>\r\n        <\/div>\r\n\t\t\t\t\t\t<\/div>\n\t\t\t\t<\/div>\n\t\t\t\t<div class=\"elementor-element elementor-element-4849edb elementor-icon-list--layout-traditional elementor-widget elementor-widget-menu_list\" data-id=\"4849edb\" data-element_type=\"widget\" data-widget_type=\"menu_list.default\">\n\t\t\t\t<div class=\"elementor-widget-container\">\n\t\t\t\t\t        <div class=\"jws-menu-list\">\r\n                            <h3>Email<\/h3>\r\n                \t\t<ul class=\"elementor-icon-list-items  line_sm\">\r\n    \t\t\t    \t\t\t\t<li class=\"elementor-icon-list-item\">\r\n    \t\t\t\t\t<a href=\"mailto:office@olga.loveandbrands.dev\">                             \t\t\t\t\t\t\r\n    \t\t\t\t\t<span class=\"elementor-icon-list-text\">\r\n                        office@olga.loveandbrands.dev                        <\/span>\r\n    \t\t\t\t\t    \t\t\t\t\t\t<\/a>\r\n    \t\t\t\t\t    \t\t\t\t<\/li>\r\n    \t\t\t\t    \t\t<\/ul>\r\n        <\/div>\r\n\t\t\t\t\t\t<\/div>\n\t\t\t\t<\/div>\n\t\t\t\t\t<\/div>\n\t\t<\/div>\n\t\t\t\t<div class=\"elementor-column elementor-col-50 elementor-inner-column elementor-element elementor-element-8657d68\" data-id=\"8657d68\" data-element_type=\"column\">\n\t\t\t<div class=\"elementor-widget-wrap elementor-element-populated\">\n\t\t\t\t\t\t<div class=\"elementor-element elementor-element-ba42c0e jws-cf7-input-size-md jws-cf7-style-box jws-cf7-button-left jws-cf7-btn-size-sm jws-cf7-highlight-style-default elementor-widget elementor-widget-jws_cf7\" data-id=\"ba42c0e\" data-element_type=\"widget\" data-widget_type=\"jws_cf7.default\">\n\t\t\t\t<div class=\"elementor-widget-container\">\n\t\t\t\t\t\t\t\t\t<div class = \"jws-cf7-container\">\r\n\t\t\t\t\t\t<div class = \"jws-cf7 jws-cf7-style elementor-clickable\">\r\n\t\t\t\t\t\t\n<div class=\"wpcf7 no-js\" id=\"wpcf7-f3953-o1\" lang=\"en-US\" dir=\"ltr\" data-wpcf7-id=\"3953\">\n<div class=\"screen-reader-response\"><p role=\"status\" aria-live=\"polite\" aria-atomic=\"true\"><\/p> <ul><\/ul><\/div>\n<form action=\"\/en\/wp-json\/wp\/v2\/pages\/3899#wpcf7-f3953-o1\" method=\"post\" class=\"wpcf7-form init\" aria-label=\"Contact form\" novalidate=\"novalidate\" data-status=\"init\" data-trp-original-action=\"\/en\/wp-json\/wp\/v2\/pages\/3899#wpcf7-f3953-o1\">\n<fieldset class=\"hidden-fields-container\"><input type=\"hidden\" name=\"_wpcf7\" value=\"3953\" \/><input type=\"hidden\" name=\"_wpcf7_version\" value=\"6.1.2\" \/><input type=\"hidden\" name=\"_wpcf7_locale\" value=\"en_US\" \/><input type=\"hidden\" name=\"_wpcf7_unit_tag\" value=\"wpcf7-f3953-o1\" \/><input type=\"hidden\" name=\"_wpcf7_container_post\" value=\"0\" \/><input type=\"hidden\" name=\"_wpcf7_posted_data_hash\" value=\"\" \/>\n<\/fieldset>\n<div class=\"elementor-form-fields-wrapper\">\n\t<div class=\"elementor-column elementor-col-100 elementor-mark-required\">\n\t\t<p><label class=\"elementor-field-label\"> Enter your name <\/label>\n\t\t<\/p>\n\t<\/div>\n\t<div class=\"elementor-field-type-text elementor-field-group elementor-column elementor-field-group-name elementor-col-50 elementor-field-required\">\n\t\t<p><span class=\"wpcf7-form-control-wrap\" data-name=\"your-name\"><input size=\"40\" maxlength=\"400\" class=\"wpcf7-form-control wpcf7-text wpcf7-validates-as-required field_no_icon\" aria-required=\"true\" aria-invalid=\"false\" placeholder=\"Fisrt name\" value=\"\" type=\"text\" name=\"your-name\" \/><\/span>\n\t\t<\/p>\n\t<\/div>\n\t<div class=\"elementor-field-type-text elementor-field-group elementor-column elementor-field-group-name elementor-col-50 elementor-field-required elementor-mark-required\">\n\t\t<p><span class=\"wpcf7-form-control-wrap\" data-name=\"last-name\"><input size=\"40\" maxlength=\"400\" class=\"wpcf7-form-control wpcf7-text wpcf7-validates-as-required field_no_icon\" aria-required=\"true\" aria-invalid=\"false\" placeholder=\"Last name\" value=\"\" type=\"text\" name=\"last-name\" \/><\/span>\n\t\t<\/p>\n\t<\/div>\n\t<div class=\"elementor-column elementor-col-100 elementor-mark-required\">\n\t\t<p><label class=\"elementor-field-label\"> Personal info<\/label>\n\t\t<\/p>\n\t<\/div>\n\t<div class=\"elementor-field-type-text elementor-field-group elementor-column elementor-field-group-name elementor-col-50 elementor-field-required elementor-mark-required\">\n\t\t<p><i class=\"jws-icon-phone_light\"><\/i><span class=\"wpcf7-form-control-wrap\" data-name=\"phone-number\"><input size=\"40\" maxlength=\"400\" class=\"wpcf7-form-control wpcf7-text wpcf7-validates-as-required\" aria-required=\"true\" aria-invalid=\"false\" placeholder=\"Phone\" value=\"\" type=\"text\" name=\"phone-number\" \/><\/span>\n\t\t<\/p>\n\t<\/div>\n\t<div class=\"elementor-field-type-text elementor-field-group elementor-column elementor-field-group-name elementor-col-50 elementor-field-required elementor-mark-required\">\n\t\t<p><i class=\"jws-icon-message_light\"><\/i><span class=\"wpcf7-form-control-wrap\" data-name=\"email\"><input size=\"40\" maxlength=\"400\" class=\"wpcf7-form-control wpcf7-email wpcf7-validates-as-required wpcf7-text wpcf7-validates-as-email\" aria-required=\"true\" aria-invalid=\"false\" placeholder=\"Email\" value=\"\" type=\"email\" name=\"email\" \/><\/span>\n\t\t<\/p>\n\t<\/div>\n\t<div class=\"elementor-column elementor-col-100\">\n\t\t<p><label class=\"elementor-field-label\"> Message<\/label>\n\t\t<\/p>\n\t<\/div>\n\t<div class=\"elementor-field-type-textarea elementor-field-group elementor-column elementor-field-group-message elementor-col-100\">\n\t\t<p><i class=\"jws-icon-edit_light\"><\/i><span class=\"wpcf7-form-control-wrap\" data-name=\"your-message\"><textarea cols=\"100\" rows=\"10\" maxlength=\"2000\" class=\"wpcf7-form-control wpcf7-textarea\" aria-invalid=\"false\" placeholder=\"Type your message here...\" name=\"your-message\"><\/textarea><\/span>\n\t\t<\/p>\n\t<\/div>\n\t<p><input class=\"wpcf7-form-control wpcf7-submit has-spinner\" type=\"submit\" value=\"Send message\" \/>\n\t<\/p>\n<\/div><p style=\"display: none !important;\" class=\"akismet-fields-container\" data-prefix=\"_wpcf7_ak_\"><label>&#916;<textarea name=\"_wpcf7_ak_hp_textarea\" cols=\"45\" rows=\"8\" maxlength=\"100\"><\/textarea><\/label><input type=\"hidden\" id=\"ak_js_1\" name=\"_wpcf7_ak_js\" value=\"111\"\/><script>document.getElementById( \"ak_js_1\" ).setAttribute( \"value\", ( new Date() ).getTime() );<\/script><\/p><div class=\"wpcf7-response-output\" aria-hidden=\"true\"><\/div>\n<input type=\"hidden\" name=\"trp-form-language\" value=\"en\"\/><\/form>\n<\/div>\n\t\t\t\t\t<\/div>\r\n\t\t\t\t<\/div>\r\n\t\t\t\t\t\t\t\t<\/div>\n\t\t\t\t<\/div>\n\t\t\t\t\t<\/div>\n\t\t<\/div>\n\t\t\t\t      \n            \n              \n            \n            \t\n\t\t\t<\/div>\n\t\t<\/section>\n\t\t\t\t\t<\/div>\n\t\t<\/div>\n\t\t\t\t      \n            \n              \n            \n            \t\n\t\t\t<\/div>\n\t\t<\/section>\n\t\t\t\t<section class=\"elementor-section elementor-top-section elementor-element elementor-element-fa4bfea elementor-section-full_width elementor-section-height-default elementor-section-height-default\" data-id=\"fa4bfea\" data-element_type=\"section\">\n\t\t\t\t\t\t<div class=\"elementor-container elementor-column-gap-no jws_section_\" >\n\t\t\t\t<div class=\"elementor-column elementor-col-100 elementor-top-column elementor-element elementor-element-6d48370\" data-id=\"6d48370\" data-element_type=\"column\">\n\t\t\t<div class=\"elementor-widget-wrap elementor-element-populated\">\n\t\t\t\t\t\t<div class=\"elementor-element elementor-element-83f05e2 elementor-widget elementor-widget-google_maps\" data-id=\"83f05e2\" data-element_type=\"widget\" data-widget_type=\"google_maps.default\">\n\t\t\t\t<div class=\"elementor-widget-container\">\n\t\t\t\t\t\t\t<div class=\"elementor-custom-embed\">\n\t\t\t<iframe loading=\"lazy\"\n\t\t\t\t\tsrc=\"https:\/\/maps.google.com\/maps?q=Ju%C5%BEna%20industrijska%20zona%2014%2C%2023273%20Novo%20Milo%C5%A1evo&#038;t=m&#038;z=13&#038;output=embed&#038;iwloc=near\"\n\t\t\t\t\ttitle=\"Ju\u017ena industrijska zona 14, 23273 Novo Milo\u0161evo\"\n\t\t\t\t\taria-label=\"Ju\u017ena industrijska zona 14, 23273 Novo Milo\u0161evo\"\n\t\t\t><\/iframe>\n\t\t<\/div>\n\t\t\t\t\t\t<\/div>\n\t\t\t\t<\/div>\n\t\t\t\t\t<\/div>\n\t\t<\/div>\n\t\t\t\t      \n            \n              \n            \n            \t\n\t\t\t<\/div>\n\t\t<\/section>\n\t\t\t\t<\/div>","protected":false},"excerpt":{"rendered":"<p>Kontakt Mo\u017eete nas kontaktirati putem e-po\u0161te na office@olga.loveandbrands.dev, ili slobodno popunite formular ispod. Dajemo sve od sebe da odgovorimo u roku od 24 radna sata. kontakt Pi\u0161ite nam Lokacija Ju\u017ena industrijska zona 14, 23273 Novo Milo\u0161evo, Srbija Pozovite nas +381 64 6491 881 Lokacija Serdar Jola 18, 11000 Beograd , Srbija For International calls +381 [&hellip;]<\/p>","protected":false},"author":1,"featured_media":0,"parent":0,"menu_order":0,"comment_status":"closed","ping_status":"closed","template":"","meta":{"footnotes":""},"class_list":["post-3899","page","type-page","status-publish","hentry"],"_links":{"self":[{"href":"https:\/\/olga.loveandbrands.dev\/en\/wp-json\/wp\/v2\/pages\/3899","targetHints":{"allow":["GET"]}}],"collection":[{"href":"https:\/\/olga.loveandbrands.dev\/en\/wp-json\/wp\/v2\/pages"}],"about":[{"href":"https:\/\/olga.loveandbrands.dev\/en\/wp-json\/wp\/v2\/types\/page"}],"author":[{"embeddable":true,"href":"https:\/\/olga.loveandbrands.dev\/en\/wp-json\/wp\/v2\/users\/1"}],"replies":[{"embeddable":true,"href":"https:\/\/olga.loveandbrands.dev\/en\/wp-json\/wp\/v2\/comments?post=3899"}],"version-history":[{"count":7,"href":"https:\/\/olga.loveandbrands.dev\/en\/wp-json\/wp\/v2\/pages\/3899\/revisions"}],"predecessor-version":[{"id":9685,"href":"https:\/\/olga.loveandbrands.dev\/en\/wp-json\/wp\/v2\/pages\/3899\/revisions\/9685"}],"wp:attachment":[{"href":"https:\/\/olga.loveandbrands.dev\/en\/wp-json\/wp\/v2\/media?parent=3899"}],"curies":[{"name":"wp","href":"https:\/\/api.w.org\/{rel}","templated":true}]}}