{"id":9511,"date":"2024-02-14T10:21:05","date_gmt":"2024-02-14T10:21:05","guid":{"rendered":"https:\/\/olga.loveandbrands.dev\/?post_type=product&#038;p=9511"},"modified":"2024-06-26T08:31:06","modified_gmt":"2024-06-26T08:31:06","slug":"devicansko-bundevino-ulje-250ml","status":"publish","type":"product","link":"https:\/\/olga.loveandbrands.dev\/en\/product\/devicansko-bundevino-ulje-250ml\/","title":{"rendered":"Virgin Pumpkin Oil 250ml"},"content":{"rendered":"<p>Olga devi\u010dansko bundevino ulje je nerafinisano ulje, dobijeno mehani\u010dkim ce\u0111enjem semena bundeve sa vojvo\u0111anskih polja. Ovakvim postupkom zadr\u017eavaju se svi nutritivni sastojci koji se prirodno nalaze u bundevinom semenu. Ulje semena bundeve ima \u0161iroku primenu u kulinarstvu i kozmetici. Sa kulinarskog stanovi\u0161ta devi\u010dansko ulje semenea bundeve je najbolje koristiti hladno &#8211; za salate, prelive, marinade, kao dodatak kuvanim jelima i desertima. Devi\u010dansko bundevino ulje obiluje vitaminima A, C, E, K vitaminima B kompleksa, i omega 6 i 9 masnim kiselinama neophodnim za normalno funkcionisanje organizma.<\/p>","protected":false},"excerpt":{"rendered":"<p>Olga virgin pumpkin oil is unrefined oil, obtained by mechanical squeezing of pumpkin seeds from the fields of Vojvodina. This procedure retains all the nutrients that are naturally found in pumpkin seeds. Pumpkin seed oil is widely used in cooking and cosmetics. From a culinary standpoint, virgin pumpkin seed oil is best used cold \u2013 for salads, dressings, marinades, as an addition to cooked dishes and desserts. Virgin pumpkin oil is rich in vitamins A, C, E, K complex B vitamins, and omega 6 and 9 fatty acids necessary for normal body function.<\/p>","protected":false},"featured_media":9512,"comment_status":"closed","ping_status":"closed","template":"","meta":[],"product_brand":[],"product_cat":[93],"product_tag":[],"class_list":{"0":"post-9511","1":"product","2":"type-product","3":"status-publish","4":"has-post-thumbnail","6":"product_cat-ulje","8":"first","9":"instock","10":"taxable","11":"shipping-taxable","12":"purchasable","13":"product-type-simple"},"_links":{"self":[{"href":"https:\/\/olga.loveandbrands.dev\/en\/wp-json\/wp\/v2\/product\/9511","targetHints":{"allow":["GET"]}}],"collection":[{"href":"https:\/\/olga.loveandbrands.dev\/en\/wp-json\/wp\/v2\/product"}],"about":[{"href":"https:\/\/olga.loveandbrands.dev\/en\/wp-json\/wp\/v2\/types\/product"}],"replies":[{"embeddable":true,"href":"https:\/\/olga.loveandbrands.dev\/en\/wp-json\/wp\/v2\/comments?post=9511"}],"wp:featuredmedia":[{"embeddable":true,"href":"https:\/\/olga.loveandbrands.dev\/en\/wp-json\/wp\/v2\/media\/9512"}],"wp:attachment":[{"href":"https:\/\/olga.loveandbrands.dev\/en\/wp-json\/wp\/v2\/media?parent=9511"}],"wp:term":[{"taxonomy":"product_brand","embeddable":true,"href":"https:\/\/olga.loveandbrands.dev\/en\/wp-json\/wp\/v2\/product_brand?post=9511"},{"taxonomy":"product_cat","embeddable":true,"href":"https:\/\/olga.loveandbrands.dev\/en\/wp-json\/wp\/v2\/product_cat?post=9511"},{"taxonomy":"product_tag","embeddable":true,"href":"https:\/\/olga.loveandbrands.dev\/en\/wp-json\/wp\/v2\/product_tag?post=9511"}],"curies":[{"name":"wp","href":"https:\/\/api.w.org\/{rel}","templated":true}]}}