{"id":9558,"date":"2024-02-19T11:49:30","date_gmt":"2024-02-19T11:49:30","guid":{"rendered":"https:\/\/olga.loveandbrands.dev\/?post_type=product&#038;p=9558"},"modified":"2025-05-15T13:56:29","modified_gmt":"2025-05-15T13:56:29","slug":"olga-box-1","status":"publish","type":"product","link":"https:\/\/olga.loveandbrands.dev\/en\/product\/olga-box-1\/","title":{"rendered":"OLGA Box 1"},"content":{"rendered":"<p>Pe\u010dena Golica Pikant, Pe\u010dena Golica Mediteran, Devi\u010dansko Bundevino Ulje, Salatno Ulje, Pe\u010dena Slana Golica, \u010coko Golica<\/p>","protected":false},"excerpt":{"rendered":"<p>Pe\u010dena Golica Pikant, Pe\u010dena Golica Mediteran, Devi\u010dansko Bundevino Ulje, Salatno Ulje, Pe\u010dena Slana Golica, \u010coko Golica<\/p>","protected":false},"featured_media":9559,"comment_status":"closed","ping_status":"closed","template":"","meta":[],"product_brand":[],"product_cat":[90],"product_tag":[],"class_list":{"0":"post-9558","1":"product","2":"type-product","3":"status-publish","4":"has-post-thumbnail","6":"product_cat-box","8":"first","9":"instock","10":"taxable","11":"shipping-taxable","12":"purchasable","13":"product-type-simple"},"_links":{"self":[{"href":"https:\/\/olga.loveandbrands.dev\/en\/wp-json\/wp\/v2\/product\/9558","targetHints":{"allow":["GET"]}}],"collection":[{"href":"https:\/\/olga.loveandbrands.dev\/en\/wp-json\/wp\/v2\/product"}],"about":[{"href":"https:\/\/olga.loveandbrands.dev\/en\/wp-json\/wp\/v2\/types\/product"}],"replies":[{"embeddable":true,"href":"https:\/\/olga.loveandbrands.dev\/en\/wp-json\/wp\/v2\/comments?post=9558"}],"wp:featuredmedia":[{"embeddable":true,"href":"https:\/\/olga.loveandbrands.dev\/en\/wp-json\/wp\/v2\/media\/9559"}],"wp:attachment":[{"href":"https:\/\/olga.loveandbrands.dev\/en\/wp-json\/wp\/v2\/media?parent=9558"}],"wp:term":[{"taxonomy":"product_brand","embeddable":true,"href":"https:\/\/olga.loveandbrands.dev\/en\/wp-json\/wp\/v2\/product_brand?post=9558"},{"taxonomy":"product_cat","embeddable":true,"href":"https:\/\/olga.loveandbrands.dev\/en\/wp-json\/wp\/v2\/product_cat?post=9558"},{"taxonomy":"product_tag","embeddable":true,"href":"https:\/\/olga.loveandbrands.dev\/en\/wp-json\/wp\/v2\/product_tag?post=9558"}],"curies":[{"name":"wp","href":"https:\/\/api.w.org\/{rel}","templated":true}]}}