{"id":9560,"date":"2024-02-19T11:50:32","date_gmt":"2024-02-19T11:50:32","guid":{"rendered":"https:\/\/olga.loveandbrands.dev\/?post_type=product&#038;p=9560"},"modified":"2025-05-19T15:27:07","modified_gmt":"2025-05-19T15:27:07","slug":"olga-box-2","status":"publish","type":"product","link":"https:\/\/olga.loveandbrands.dev\/en\/product\/olga-box-2\/","title":{"rendered":"OLGA Box 2"},"content":{"rendered":"<p>Pe\u010dena Golica Pikant, Pe\u010dena Golica Mediteran, Organsko Hladno Presovano Suncokretovo Ulje, Devi\u010dansko Bundevino Ulje, Bundevin Puter, Salatno Ulje, Pe\u010dena Slana Golica, \u010coko Golica<\/p>","protected":false},"excerpt":{"rendered":"<p>Pe\u010dena Golica Pikant, Pe\u010dena Golica Mediteran, Organsko Hladno Presovano Suncokretovo Ulje, Devi\u010dansko Bundevino Ulje, Bundevin Puter, Salatno Ulje, Pe\u010dena Slana Golica, \u010coko Golica<\/p>","protected":false},"featured_media":10132,"comment_status":"closed","ping_status":"closed","template":"","meta":[],"product_brand":[],"product_cat":[90],"product_tag":[],"class_list":{"0":"post-9560","1":"product","2":"type-product","3":"status-publish","4":"has-post-thumbnail","6":"product_cat-box","8":"first","9":"instock","10":"taxable","11":"shipping-taxable","12":"purchasable","13":"product-type-simple"},"_links":{"self":[{"href":"https:\/\/olga.loveandbrands.dev\/en\/wp-json\/wp\/v2\/product\/9560","targetHints":{"allow":["GET"]}}],"collection":[{"href":"https:\/\/olga.loveandbrands.dev\/en\/wp-json\/wp\/v2\/product"}],"about":[{"href":"https:\/\/olga.loveandbrands.dev\/en\/wp-json\/wp\/v2\/types\/product"}],"replies":[{"embeddable":true,"href":"https:\/\/olga.loveandbrands.dev\/en\/wp-json\/wp\/v2\/comments?post=9560"}],"wp:featuredmedia":[{"embeddable":true,"href":"https:\/\/olga.loveandbrands.dev\/en\/wp-json\/wp\/v2\/media\/10132"}],"wp:attachment":[{"href":"https:\/\/olga.loveandbrands.dev\/en\/wp-json\/wp\/v2\/media?parent=9560"}],"wp:term":[{"taxonomy":"product_brand","embeddable":true,"href":"https:\/\/olga.loveandbrands.dev\/en\/wp-json\/wp\/v2\/product_brand?post=9560"},{"taxonomy":"product_cat","embeddable":true,"href":"https:\/\/olga.loveandbrands.dev\/en\/wp-json\/wp\/v2\/product_cat?post=9560"},{"taxonomy":"product_tag","embeddable":true,"href":"https:\/\/olga.loveandbrands.dev\/en\/wp-json\/wp\/v2\/product_tag?post=9560"}],"curies":[{"name":"wp","href":"https:\/\/api.w.org\/{rel}","templated":true}]}}