{"id":9566,"date":"2024-02-19T11:53:58","date_gmt":"2024-02-19T11:53:58","guid":{"rendered":"https:\/\/olga.loveandbrands.dev\/?post_type=product&#038;p=9566"},"modified":"2024-07-05T07:33:41","modified_gmt":"2024-07-05T07:33:41","slug":"bundevin-protein-coko-65g","status":"publish","type":"product","link":"https:\/\/olga.loveandbrands.dev\/en\/product\/bundevin-protein-coko-65g\/","title":{"rendered":"Bundevin protein \u010doko 65g"},"content":{"rendered":"<p>Ovaj proizvod kombinuje visokokvalitetni bundevin protein sa \u010dokoladom u prahu, stvaraju\u0107i neodoljivu \u010dokoladnu notu. Bez dodatka \u0161e\u0107era ili ve\u0161ta\u010dkih aroma, proteinski prah nudi ukusnu alternativu s korisnim proteinima, idealnu za one koji \u017eele da u\u017eivaju u ukusu \u010dokolade uz benefite proteina.<\/p>\n<p>Ovaj proteinski prah, napravljen od semenki bundeve, je veganski i bez glutena, pa se lako vari, istovremeno ubrzavaju\u0107i i reguli\u0161u\u0107i metabolizam. Bundevin protein je sjajan prirodni dodatak ishrani za sve koji brinu o svom zdravlju. Semenke bundeve sadr\u017ee visok procenat proteina, \u010dak preko 40%, i obiluju aminokiselinama, uklju\u010duju\u0107i svih devet esencijalnih aminokiselina koje su klju\u010dne za izgradnju mi\u0161i\u0107a i odr\u017eavanje zdravlja creva i imuniteta.<\/p>\n<p>Sirovi protein na bazi biljnih sastojaka je jedan od najboljih proizvoda za o\u010duvanje odli\u010dnog zdravlja. Preporu\u010duje se profesionalnim sportistima, amaterima, \u017eenama u menopauzi, vegeterijancima, veganima i svima koji \u017eele da vode ra\u010duna o svom zdravlju. Pru\u017ea izvanredan izvor proteina i va\u017enih hranljivih materija bez dodatnih aroma ili sastojaka, nude\u0107i \u010distu i visokokvalitetnu formulu za podr\u0161ku celokupnom zdravlju i dobrobiti.<\/p>","protected":false},"excerpt":{"rendered":"<p>Ovaj proizvod kombinuje visokokvalitetni bundevin protein sa \u010dokoladom u prahu, stvaraju\u0107i neodoljivu \u010dokoladnu notu. Bez dodatka \u0161e\u0107era ili ve\u0161ta\u010dkih aroma, proteinski prah nudi ukusnu alternativu s korisnim proteinima, idealnu za one koji \u017eele da u\u017eivaju u ukusu \u010dokolade uz benefite proteina.<\/p>\n<p>Ovaj proteinski prah, napravljen od semenki bundeve, je veganski i bez glutena, pa se lako vari, istovremeno ubrzavaju\u0107i i reguli\u0161u\u0107i metabolizam. Bundevin protein je sjajan prirodni dodatak ishrani za sve koji brinu o svom zdravlju. Semenke bundeve sadr\u017ee visok procenat proteina, \u010dak preko 40%, i obiluju aminokiselinama, uklju\u010duju\u0107i svih devet esencijalnih aminokiselina koje su klju\u010dne za izgradnju mi\u0161i\u0107a i odr\u017eavanje zdravlja creva i imuniteta.<\/p>\n<p>Sirovi protein na bazi biljnih sastojaka je jedan od najboljih proizvoda za o\u010duvanje odli\u010dnog zdravlja. Preporu\u010duje se profesionalnim sportistima, amaterima, \u017eenama u menopauzi, vegeterijancima, veganima i svima koji \u017eele da vode ra\u010duna o svom zdravlju. Pru\u017ea izvanredan izvor proteina i va\u017enih hranljivih materija bez dodatnih aroma ili sastojaka, nude\u0107i \u010distu i visokokvalitetnu formulu za podr\u0161ku celokupnom zdravlju i dobrobiti.<\/p>","protected":false},"featured_media":9567,"comment_status":"closed","ping_status":"closed","template":"","meta":[],"product_brand":[],"product_cat":[92],"product_tag":[],"class_list":{"0":"post-9566","1":"product","2":"type-product","3":"status-publish","4":"has-post-thumbnail","6":"product_cat-protein","8":"first","9":"instock","10":"taxable","11":"shipping-taxable","12":"purchasable","13":"product-type-simple"},"_links":{"self":[{"href":"https:\/\/olga.loveandbrands.dev\/en\/wp-json\/wp\/v2\/product\/9566","targetHints":{"allow":["GET"]}}],"collection":[{"href":"https:\/\/olga.loveandbrands.dev\/en\/wp-json\/wp\/v2\/product"}],"about":[{"href":"https:\/\/olga.loveandbrands.dev\/en\/wp-json\/wp\/v2\/types\/product"}],"replies":[{"embeddable":true,"href":"https:\/\/olga.loveandbrands.dev\/en\/wp-json\/wp\/v2\/comments?post=9566"}],"wp:featuredmedia":[{"embeddable":true,"href":"https:\/\/olga.loveandbrands.dev\/en\/wp-json\/wp\/v2\/media\/9567"}],"wp:attachment":[{"href":"https:\/\/olga.loveandbrands.dev\/en\/wp-json\/wp\/v2\/media?parent=9566"}],"wp:term":[{"taxonomy":"product_brand","embeddable":true,"href":"https:\/\/olga.loveandbrands.dev\/en\/wp-json\/wp\/v2\/product_brand?post=9566"},{"taxonomy":"product_cat","embeddable":true,"href":"https:\/\/olga.loveandbrands.dev\/en\/wp-json\/wp\/v2\/product_cat?post=9566"},{"taxonomy":"product_tag","embeddable":true,"href":"https:\/\/olga.loveandbrands.dev\/en\/wp-json\/wp\/v2\/product_tag?post=9566"}],"curies":[{"name":"wp","href":"https:\/\/api.w.org\/{rel}","templated":true}]}}